{"id":1962,"date":"2025-12-18T14:42:35","date_gmt":"2025-12-18T13:42:35","guid":{"rendered":"https:\/\/dragateloises.ch\/spenden-sie\/"},"modified":"2026-01-28T12:25:17","modified_gmt":"2026-01-28T11:25:17","slug":"spenden-sie","status":"publish","type":"page","link":"https:\/\/dragateloises.ch\/de\/spenden-sie\/","title":{"rendered":"Spenden Sie!"},"content":{"rendered":"\n<p>Wenn Sie den Verein Drag\u00e2teloises unterst\u00fctzen m\u00f6chten, k\u00f6nnen Sie dies auf einfache und effektive Weise tun, indem Sie einen Betrag Ihrer Wahl an die folgende IBAN spenden:<\/p>\n\n<blockquote class=\"wp-block-quote is-layout-flow wp-block-quote-is-layout-flow\">\n<p>Drag\u00e2teloises-Vereinigung<\/p>\n\n\n\n<p>CH24 8080 8003 9893 2245 5<\/p>\n\n\n\n<p>2856 Bo\u00e9court<\/p>\n\n\n\n<p>Nachricht\/Kommentar: Spende f\u00fcr die Association Drag\u00e2teloises<\/p>\n<\/blockquote>\n\n<p>Ihre Spende wird insbesondere Folgendes erm\u00f6glichen<\/p>\n\n<ul class=\"wp-block-list\">\n<li>die K\u00fcnstler f\u00fcr ihre Auftritte zu bezahlen,<\/li>\n\n\n\n<li>die Mitarbeiter der Veranstaltung zu entlohnen,<\/li>\n\n\n\n<li>die Miete des Saals und die damit verbundenen Leistungen zu bezahlen,<\/li>\n\n\n\n<li>die Schaffung neuer LGBTQIA+ Veranstaltungen und R\u00e4ume von und f\u00fcr LGBTQIA+ Menschen zu unterst\u00fctzen.<\/li>\n<\/ul>\n\n<p>Wir danken Ihnen herzlich f\u00fcr Ihre wertvolle Unterst\u00fctzung: Ohne Sie k\u00f6nnten wir die Drag-Szene im Kanton Neuenburg nicht weiter zum Bl\u00fchen bringen!<\/p>\n\n<p><strong>Das Komitee von Drag\u00e2teloises<\/strong><\/p>\n","protected":false},"excerpt":{"rendered":"<p>Wenn Sie den Verein Drag\u00e2teloises unterst\u00fctzen m\u00f6chten, k\u00f6nnen Sie dies auf einfache und effektive Weise tun, indem Sie einen Betrag Ihrer Wahl an die folgende IBAN spenden: Drag\u00e2teloises-Vereinigung CH24 8080 [&hellip;]<\/p>\n","protected":false},"author":2,"featured_media":0,"parent":0,"menu_order":0,"comment_status":"closed","ping_status":"closed","template":"","meta":{"_et_pb_use_builder":"off","_et_pb_old_content":"","_et_gb_content_width":"","_EventAllDay":false,"_EventTimezone":"","_EventStartDate":"","_EventEndDate":"","_EventStartDateUTC":"","_EventEndDateUTC":"","_EventShowMap":false,"_EventShowMapLink":false,"_EventURL":"","_EventCost":"","_EventCostDescription":"","_EventCurrencySymbol":"","_EventCurrencyCode":"","_EventCurrencyPosition":"","_EventDateTimeSeparator":"","_EventTimeRangeSeparator":"","_EventOrganizerID":[],"_EventVenueID":[],"_OrganizerEmail":"","_OrganizerPhone":"","_OrganizerWebsite":"","_VenueAddress":"","_VenueCity":"","_VenueCountry":"","_VenueProvince":"","_VenueState":"","_VenueZip":"","_VenuePhone":"","_VenueURL":"","_VenueStateProvince":"","_VenueLat":"","_VenueLng":"","_VenueShowMap":false,"_VenueShowMapLink":false,"footnotes":""},"class_list":["post-1962","page","type-page","status-publish","hentry"],"yoast_head":"<!-- This site is optimized with the Yoast SEO plugin v25.6 - https:\/\/yoast.com\/wordpress\/plugins\/seo\/ -->\n<title>Spenden Sie! - Drag\u00e2teloises<\/title>\n<meta name=\"robots\" content=\"index, follow, max-snippet:-1, max-image-preview:large, max-video-preview:-1\" \/>\n<link rel=\"canonical\" href=\"https:\/\/dragateloises.ch\/de\/spenden-sie\/\" \/>\n<meta property=\"og:locale\" content=\"de_DE\" \/>\n<meta property=\"og:type\" content=\"article\" \/>\n<meta property=\"og:title\" content=\"Spenden Sie! - Drag\u00e2teloises\" \/>\n<meta property=\"og:description\" content=\"Wenn Sie den Verein Drag\u00e2teloises unterst\u00fctzen m\u00f6chten, k\u00f6nnen Sie dies auf einfache und effektive Weise tun, indem Sie einen Betrag Ihrer Wahl an die folgende IBAN spenden: Drag\u00e2teloises-Vereinigung CH24 8080 [&hellip;]\" \/>\n<meta property=\"og:url\" content=\"https:\/\/dragateloises.ch\/de\/spenden-sie\/\" \/>\n<meta property=\"og:site_name\" content=\"Drag\u00e2teloises\" \/>\n<meta property=\"article:modified_time\" content=\"2026-01-28T11:25:17+00:00\" \/>\n<meta name=\"twitter:card\" content=\"summary_large_image\" \/>\n<meta name=\"twitter:label1\" content=\"Gesch\u00e4tzte Lesezeit\" \/>\n\t<meta name=\"twitter:data1\" content=\"1\u00a0Minute\" \/>\n<script type=\"application\/ld+json\" class=\"yoast-schema-graph\">{\"@context\":\"https:\/\/schema.org\",\"@graph\":[{\"@type\":\"WebPage\",\"@id\":\"https:\/\/dragateloises.ch\/de\/spenden-sie\/\",\"url\":\"https:\/\/dragateloises.ch\/de\/spenden-sie\/\",\"name\":\"Spenden Sie! - Drag\u00e2teloises\",\"isPartOf\":{\"@id\":\"https:\/\/dragateloises.ch\/de\/#website\"},\"datePublished\":\"2025-12-18T13:42:35+00:00\",\"dateModified\":\"2026-01-28T11:25:17+00:00\",\"breadcrumb\":{\"@id\":\"https:\/\/dragateloises.ch\/de\/spenden-sie\/#breadcrumb\"},\"inLanguage\":\"de\",\"potentialAction\":[{\"@type\":\"ReadAction\",\"target\":[\"https:\/\/dragateloises.ch\/de\/spenden-sie\/\"]}]},{\"@type\":\"BreadcrumbList\",\"@id\":\"https:\/\/dragateloises.ch\/de\/spenden-sie\/#breadcrumb\",\"itemListElement\":[{\"@type\":\"ListItem\",\"position\":1,\"name\":\"Accueil\",\"item\":\"https:\/\/dragateloises.ch\/de\/\"},{\"@type\":\"ListItem\",\"position\":2,\"name\":\"Spenden Sie!\"}]},{\"@type\":\"WebSite\",\"@id\":\"https:\/\/dragateloises.ch\/de\/#website\",\"url\":\"https:\/\/dragateloises.ch\/de\/\",\"name\":\"Drag\u00e2teloises\",\"description\":\"\",\"potentialAction\":[{\"@type\":\"SearchAction\",\"target\":{\"@type\":\"EntryPoint\",\"urlTemplate\":\"https:\/\/dragateloises.ch\/de\/?s={search_term_string}\"},\"query-input\":{\"@type\":\"PropertyValueSpecification\",\"valueRequired\":true,\"valueName\":\"search_term_string\"}}],\"inLanguage\":\"de\"}]}<\/script>\n<!-- \/ Yoast SEO plugin. -->","yoast_head_json":{"title":"Spenden Sie! - Drag\u00e2teloises","robots":{"index":"index","follow":"follow","max-snippet":"max-snippet:-1","max-image-preview":"max-image-preview:large","max-video-preview":"max-video-preview:-1"},"canonical":"https:\/\/dragateloises.ch\/de\/spenden-sie\/","og_locale":"de_DE","og_type":"article","og_title":"Spenden Sie! - Drag\u00e2teloises","og_description":"Wenn Sie den Verein Drag\u00e2teloises unterst\u00fctzen m\u00f6chten, k\u00f6nnen Sie dies auf einfache und effektive Weise tun, indem Sie einen Betrag Ihrer Wahl an die folgende IBAN spenden: Drag\u00e2teloises-Vereinigung CH24 8080 [&hellip;]","og_url":"https:\/\/dragateloises.ch\/de\/spenden-sie\/","og_site_name":"Drag\u00e2teloises","article_modified_time":"2026-01-28T11:25:17+00:00","twitter_card":"summary_large_image","twitter_misc":{"Gesch\u00e4tzte Lesezeit":"1\u00a0Minute"},"schema":{"@context":"https:\/\/schema.org","@graph":[{"@type":"WebPage","@id":"https:\/\/dragateloises.ch\/de\/spenden-sie\/","url":"https:\/\/dragateloises.ch\/de\/spenden-sie\/","name":"Spenden Sie! - Drag\u00e2teloises","isPartOf":{"@id":"https:\/\/dragateloises.ch\/de\/#website"},"datePublished":"2025-12-18T13:42:35+00:00","dateModified":"2026-01-28T11:25:17+00:00","breadcrumb":{"@id":"https:\/\/dragateloises.ch\/de\/spenden-sie\/#breadcrumb"},"inLanguage":"de","potentialAction":[{"@type":"ReadAction","target":["https:\/\/dragateloises.ch\/de\/spenden-sie\/"]}]},{"@type":"BreadcrumbList","@id":"https:\/\/dragateloises.ch\/de\/spenden-sie\/#breadcrumb","itemListElement":[{"@type":"ListItem","position":1,"name":"Accueil","item":"https:\/\/dragateloises.ch\/de\/"},{"@type":"ListItem","position":2,"name":"Spenden Sie!"}]},{"@type":"WebSite","@id":"https:\/\/dragateloises.ch\/de\/#website","url":"https:\/\/dragateloises.ch\/de\/","name":"Drag\u00e2teloises","description":"","potentialAction":[{"@type":"SearchAction","target":{"@type":"EntryPoint","urlTemplate":"https:\/\/dragateloises.ch\/de\/?s={search_term_string}"},"query-input":{"@type":"PropertyValueSpecification","valueRequired":true,"valueName":"search_term_string"}}],"inLanguage":"de"}]}},"_links":{"self":[{"href":"https:\/\/dragateloises.ch\/de\/wp-json\/wp\/v2\/pages\/1962"}],"collection":[{"href":"https:\/\/dragateloises.ch\/de\/wp-json\/wp\/v2\/pages"}],"about":[{"href":"https:\/\/dragateloises.ch\/de\/wp-json\/wp\/v2\/types\/page"}],"author":[{"embeddable":true,"href":"https:\/\/dragateloises.ch\/de\/wp-json\/wp\/v2\/users\/2"}],"replies":[{"embeddable":true,"href":"https:\/\/dragateloises.ch\/de\/wp-json\/wp\/v2\/comments?post=1962"}],"version-history":[{"count":1,"href":"https:\/\/dragateloises.ch\/de\/wp-json\/wp\/v2\/pages\/1962\/revisions"}],"predecessor-version":[{"id":1963,"href":"https:\/\/dragateloises.ch\/de\/wp-json\/wp\/v2\/pages\/1962\/revisions\/1963"}],"wp:attachment":[{"href":"https:\/\/dragateloises.ch\/de\/wp-json\/wp\/v2\/media?parent=1962"}],"curies":[{"name":"wp","href":"https:\/\/api.w.org\/{rel}","templated":true}]}}